{"id":73,"date":"2017-08-16T14:40:44","date_gmt":"2017-08-16T17:40:44","guid":{"rendered":"http:\/\/recursoscatolicos.cl\/?post_type=product&#038;p=73"},"modified":"2025-06-30T23:16:27","modified_gmt":"2025-07-01T03:16:27","slug":"biblia-catolica-lectio-divina","status":"publish","type":"product","link":"https:\/\/recursoscatolicos.cl\/index.php\/producto\/biblia-catolica-lectio-divina\/","title":{"rendered":"Biblia cat\u00f3lica lectio divina"},"content":{"rendered":"<p>\u2022 Presenta el texto b\u00edblico \u00abDios habla hoy\u00bb, una traducci\u00f3n con car\u00e1cter\u00a0din\u00e1mico y moderno, que ofrece el mensaje en forma clara y f\u00e1cil de comprender.<br \/>\n\u2022 Incluye Deuterocan\u00f3nicos.<br \/>\n\u2022 Contiene una introducci\u00f3n general que presenta los 5 pasos del m\u00e9todo Lectio\u00a0Divina para el estudio del texto b\u00edblico y la oraci\u00f3n: Lectura, Meditaci\u00f3n,\u00a0Oraci\u00f3n, Contemplaci\u00f3n y Acci\u00f3n. El m\u00e9todo Lectio Divina ha sido utilizado por\u00a0la Iglesia Cat\u00f3lica desde sus comienzos en la vida religiosa y monacal. Este\u00a0m\u00e9todo ayuda a profundizar en el estudio de las Sagradas Escrituras, de modo\u00a0de transformarlas en una vivencia pr\u00e1ctica.<br \/>\n\u2022 Tiene modelos de c\u00f3mo utilizar el m\u00e9todo Lectio Divina con cada libro de la Biblia.<br \/>\n\u2022 Provee 12.000 notas de estudio a pie de p\u00e1gina, con referencias y ayudas para\u00a0el conocimiento de las Escrituras, que explican vers\u00edculos o pasajes b\u00edblicos,\u00a0facilitando la comprensi\u00f3n de los mismos sin necesidad de irse de la p\u00e1gina de\u00a0lectura.<br \/>\n\u2022 Contiene 50 tablas tem\u00e1ticas, insertadas en el lugar correspondiente junto al\u00a0texto b\u00edblico, las cuales contribuyen a forjar una mejor idea de diversos temas\u00a0espec\u00edficos del relato b\u00edblico.<br \/>\n\u2022 Presenta un \u00edndice tem\u00e1tico que facilita la preparaci\u00f3n de clases b\u00edblicas,\u00a0sermones, y es \u00fatil para el estudio de las Escrituras.<br \/>\n\u2022 Contiene referencias cruzadas que indican al lector pasajes b\u00edblicos que\u00a0abordan un tema semejante.<br \/>\n\u2022 Contiene un glosario para aclarar el significado de diversos nombres, temas y\u00a0conceptos.<br \/>\n\u2022 Tiene 16 mapas grandes al final de la Biblia y 28 peque\u00f1os insertados a lo largo\u00a0del dise\u00f1o del texto b\u00edblico, los cuales ubican geogr\u00e1ficamente al lector para que\u00a0tenga una idea m\u00e1s clara de los sitios donde ocurrieron los sucesos b\u00edblicos.<\/p>\n<p>&nbsp;<\/p>\n<p>&nbsp;<\/p>\n<p><strong>Carta de Presentaci\u00f3n en la Biblia de Oraci\u00f3n de Lectio Divina<\/strong><\/p>\n<p>Una doble fidelidad debe conseguir una traducci\u00f3n de la Biblia: a Dios que habla en lenguaje humano e inspir\u00f3 los textos b\u00edblicos, y a los lectores de hoy invitados a leer la Palabra para hacerla vida.<\/p>\n<p>No es suficiente leer la Biblia s\u00f3lo para interpretarla o conocerla. Es necesario sobre todo, dejar que la Palabra suscite el di\u00e1logo con Dios (orar) e interprete nuestras vidas y la sociedad (meditar). Los libros de la Biblia son cartas de Dios ofrecidas para entrar en comuni\u00f3n amistosa con el Se\u00f1or de la vida y de la historia que, por Jesucristo, nos habla y nos salva. La Biblia pues, es el libro de oraci\u00f3n y meditaci\u00f3n por excelencia del disc\u00edpulo de Jes\u00fas.<\/p>\n<p>Tiene en sus manos el texto \u201cDios habla Hoy\u201d de Sociedades B\u00edblicas Unidas (SBU), que incluye todos los libros aceptados por la Iglesia Cat\u00f3lica, en el orden alejandrino, con notas explicativas y pastorales donde tambi\u00e9n han colaborado algunos biblistas cat\u00f3licos.<\/p>\n<p>Lo novedoso de la presente edici\u00f3n son las pautas de oraci\u00f3n y meditaci\u00f3n que acompa\u00f1an algunos textos de cada libro de la Biblia (lectio divina), preparadas por el equipo del Centro B\u00edblico Pastoral de Am\u00e9rica Latina (CEBIPAL) del Consejo Episcopal Latinoamericano (CELAM), pensando en el servicio de la palabra de Dios para todos los cristianos. Estas pautas, adem\u00e1s de ayudarnos a entender el texto b\u00edblico, permiten saborear la Sagrada Escritura como <em>Palabra de Dios. <\/em>En ella \u00c9l sale a nuestro encuentro, para entrar en di\u00e1logo con nosotros y para ayudarnos a moldear una vida que cada vez m\u00e1s se parezca a la de Cristo. As\u00ed, transformados por la fuerza de la Palabra, somos enviados a trabajar por una sociedad m\u00e1s justa para todos.<\/p>\n<p>Que la Biblia orada y meditada se convierta cada d\u00eda m\u00e1s en el pan anhelado de aquel que tiene verdadero \u201chambre de o\u00edr la palabra del Se\u00f1or\u201d (Am\u00f3s 8,11)<\/p>\n<p>Se deja al criterio ponderado de las Conferencias Episcopales de Am\u00e9rica Latina la divulgaci\u00f3n y utilizaci\u00f3n de esta Biblia de Sociedades B\u00edblicas Unidas preparada en colaboraci\u00f3n con biblistas cat\u00f3licos.<\/p>\n<p>+ Santiago Silva Retamales<br \/>\nObispo Auxiliar de Valpara\u00edso, Chile<br \/>\nResponsable del CEBIPAL \u2013 CELAM<\/p>\n<p>Bogot\u00e1, 31 de mayo de 2007.<\/p>\n","protected":false},"excerpt":{"rendered":"<p>\u2022 Presenta el texto b\u00edblico \u00abDios habla hoy\u00bb, una traducci\u00f3n con car\u00e1cter\u00a0din\u00e1mico y moderno, que ofrece el mensaje en forma clara y f\u00e1cil de comprender. \u2022 Incluye Deuterocan\u00f3nicos. \u2022 Contiene una introducci\u00f3n general que presenta los 5 pasos del m\u00e9todo &hellip; <a href=\"https:\/\/recursoscatolicos.cl\/index.php\/producto\/biblia-catolica-lectio-divina\/\">Leer m\u00e1s<\/a><\/p>\n","protected":false},"featured_media":74,"template":"","meta":[],"product_cat":[20],"product_tag":[23,22],"class_list":{"0":"post-73","1":"product","2":"type-product","3":"status-publish","4":"has-post-thumbnail","6":"product_cat-biblias","7":"product_tag-biblia-dios-habla-hoy","8":"product_tag-biblia-pastoral","10":"first","11":"instock","12":"shipping-taxable","13":"purchasable","14":"product-type-simple"},"aioseo_notices":[],"_links":{"self":[{"href":"https:\/\/recursoscatolicos.cl\/index.php\/wp-json\/wp\/v2\/product\/73","targetHints":{"allow":["GET"]}}],"collection":[{"href":"https:\/\/recursoscatolicos.cl\/index.php\/wp-json\/wp\/v2\/product"}],"about":[{"href":"https:\/\/recursoscatolicos.cl\/index.php\/wp-json\/wp\/v2\/types\/product"}],"wp:featuredmedia":[{"embeddable":true,"href":"https:\/\/recursoscatolicos.cl\/index.php\/wp-json\/wp\/v2\/media\/74"}],"wp:attachment":[{"href":"https:\/\/recursoscatolicos.cl\/index.php\/wp-json\/wp\/v2\/media?parent=73"}],"wp:term":[{"taxonomy":"product_cat","embeddable":true,"href":"https:\/\/recursoscatolicos.cl\/index.php\/wp-json\/wp\/v2\/product_cat?post=73"},{"taxonomy":"product_tag","embeddable":true,"href":"https:\/\/recursoscatolicos.cl\/index.php\/wp-json\/wp\/v2\/product_tag?post=73"}],"curies":[{"name":"wp","href":"https:\/\/api.w.org\/{rel}","templated":true}]}}