{"id":44,"date":"2017-08-14T13:49:13","date_gmt":"2017-08-14T16:49:13","guid":{"rendered":"http:\/\/recursoscatolicos.cl\/?post_type=product&#038;p=44"},"modified":"2017-08-14T17:17:54","modified_gmt":"2017-08-14T20:17:54","slug":"introduccion-a-los-libros-de-macabeos","status":"publish","type":"product","link":"https:\/\/recursoscatolicos.cl\/index.php\/producto\/introduccion-a-los-libros-de-macabeos\/","title":{"rendered":"Introducci\u00f3n a los libros de Macabeos"},"content":{"rendered":"<p>Las conquistas de Alejandro Magno, en el siglo III a.C., ejercieron un influjo poderoso en las regiones por \u00e9l dominadas. La cultura griega se propag\u00f3 r\u00e1pidamente por todas las regiones occidentales de Asia y el norte de \u00c1frica, constituyendo el movimiento cultural llamado helenismo&#8230;.. (1216 palabras)<\/p>\n","protected":false},"excerpt":{"rendered":"<p>Las conquistas de Alejandro Magno, en el siglo III a.C., ejercieron un influjo poderoso en las regiones por \u00e9l dominadas. La cultura griega se propag\u00f3 r\u00e1pidamente por todas las regiones occidentales de Asia y el norte de \u00c1frica, constituyendo el &hellip; <a href=\"https:\/\/recursoscatolicos.cl\/index.php\/producto\/introduccion-a-los-libros-de-macabeos\/\">Leer m\u00e1s<\/a><\/p>\n","protected":false},"featured_media":54,"template":"","meta":[],"product_cat":[18],"product_tag":[],"class_list":{"0":"post-44","1":"product","2":"type-product","3":"status-publish","4":"has-post-thumbnail","6":"product_cat-articulos-gratis","8":"first","9":"instock","10":"downloadable","11":"shipping-taxable","12":"purchasable","13":"product-type-simple"},"aioseo_notices":[],"_links":{"self":[{"href":"https:\/\/recursoscatolicos.cl\/index.php\/wp-json\/wp\/v2\/product\/44","targetHints":{"allow":["GET"]}}],"collection":[{"href":"https:\/\/recursoscatolicos.cl\/index.php\/wp-json\/wp\/v2\/product"}],"about":[{"href":"https:\/\/recursoscatolicos.cl\/index.php\/wp-json\/wp\/v2\/types\/product"}],"wp:featuredmedia":[{"embeddable":true,"href":"https:\/\/recursoscatolicos.cl\/index.php\/wp-json\/wp\/v2\/media\/54"}],"wp:attachment":[{"href":"https:\/\/recursoscatolicos.cl\/index.php\/wp-json\/wp\/v2\/media?parent=44"}],"wp:term":[{"taxonomy":"product_cat","embeddable":true,"href":"https:\/\/recursoscatolicos.cl\/index.php\/wp-json\/wp\/v2\/product_cat?post=44"},{"taxonomy":"product_tag","embeddable":true,"href":"https:\/\/recursoscatolicos.cl\/index.php\/wp-json\/wp\/v2\/product_tag?post=44"}],"curies":[{"name":"wp","href":"https:\/\/api.w.org\/{rel}","templated":true}]}}