{"id":249,"date":"2019-07-10T12:52:31","date_gmt":"2019-07-10T16:52:31","guid":{"rendered":"http:\/\/recursoscatolicos.cl\/?post_type=product&#038;p=249"},"modified":"2024-04-12T12:17:16","modified_gmt":"2024-04-12T16:17:16","slug":"biblia-traduccion-lenguaje-actual-rustica-con-deuterocanonicos","status":"publish","type":"product","link":"https:\/\/recursoscatolicos.cl\/index.php\/producto\/biblia-traduccion-lenguaje-actual-rustica-con-deuterocanonicos\/","title":{"rendered":"Biblia Traducci\u00f3n Lenguaje Actual R\u00fastica con deuterocan\u00f3nicos"},"content":{"rendered":"<p>Hoja amarilla, tapa cartulina color<\/p>\n","protected":false},"excerpt":{"rendered":"<p>Hoja amarilla, tapa cartulina color<\/p>\n","protected":false},"featured_media":250,"template":"","meta":[],"product_cat":[20],"product_tag":[],"class_list":{"0":"post-249","1":"product","2":"type-product","3":"status-publish","4":"has-post-thumbnail","6":"product_cat-biblias","8":"first","9":"outofstock","10":"shipping-taxable","11":"purchasable","12":"product-type-simple"},"aioseo_notices":[],"_links":{"self":[{"href":"https:\/\/recursoscatolicos.cl\/index.php\/wp-json\/wp\/v2\/product\/249","targetHints":{"allow":["GET"]}}],"collection":[{"href":"https:\/\/recursoscatolicos.cl\/index.php\/wp-json\/wp\/v2\/product"}],"about":[{"href":"https:\/\/recursoscatolicos.cl\/index.php\/wp-json\/wp\/v2\/types\/product"}],"wp:featuredmedia":[{"embeddable":true,"href":"https:\/\/recursoscatolicos.cl\/index.php\/wp-json\/wp\/v2\/media\/250"}],"wp:attachment":[{"href":"https:\/\/recursoscatolicos.cl\/index.php\/wp-json\/wp\/v2\/media?parent=249"}],"wp:term":[{"taxonomy":"product_cat","embeddable":true,"href":"https:\/\/recursoscatolicos.cl\/index.php\/wp-json\/wp\/v2\/product_cat?post=249"},{"taxonomy":"product_tag","embeddable":true,"href":"https:\/\/recursoscatolicos.cl\/index.php\/wp-json\/wp\/v2\/product_tag?post=249"}],"curies":[{"name":"wp","href":"https:\/\/api.w.org\/{rel}","templated":true}]}}